{"id":804,"date":"2020-01-31T15:02:50","date_gmt":"2020-01-31T14:02:50","guid":{"rendered":"https:\/\/passpasselectrique.fr\/charging-your-vehicle\/"},"modified":"2020-02-06T11:26:08","modified_gmt":"2020-02-06T10:26:08","slug":"charging-your-vehicle","status":"publish","type":"page","link":"https:\/\/passpasselectrique.fr\/en\/charging-your-vehicle\/","title":{"rendered":"Charging your vehicle"},"content":{"rendered":"","protected":false},"excerpt":{"rendered":"","protected":false},"author":7,"featured_media":0,"parent":0,"menu_order":0,"comment_status":"closed","ping_status":"closed","template":"","meta":{"_acf_changed":false,"footnotes":""},"class_list":["post-804","page","type-page","status-publish","hentry"],"acf":{"boutons":false,"images":"Choisir images","taille_header":false,"intro":"","partenaires_header":false,"contenus":[{"acf_fc_layout":"titre","titre":"Two types of charging points installed"},{"acf_fc_layout":"page_blocks","blocs":[{"titre":"Normal charging point","taille":false,"background":true,"type":true,"contenu":"<p><span class=\"medium-title peppy-title\">Normal charging points<\/span> (3 to 22 kW), which fully charge your battery within two to eight hours (depending on the vehicle). These charging points come with type 2 plugs and domestic plugs.<\/p>\n<p>You will need to use your own cable. There is no cable attached to the charging point.<\/p>\n<p>\u00a0<\/p>\n<p>\u00a0<\/p>\n","apps":false,"boutons":false,"illustration":"Image","position":false,"image":{"ID":702,"id":702,"title":"borne HDF1","filename":"borne-HDF1.jpg","filesize":3453,"url":"https:\/\/passpasselectrique.fr\/wp-content\/uploads\/sites\/9\/2019\/09\/borne-HDF1.jpg","link":"https:\/\/passpasselectrique.fr\/en\/charging-your-vehicle\/borne-hdf1-2\/","alt":"","author":"7","description":"","caption":"","name":"borne-hdf1-2","status":"inherit","uploaded_to":804,"date":"2019-09-27 12:53:45","modified":"2020-01-31 14:02:50","menu_order":0,"mime_type":"image\/jpeg","type":"image","subtype":"jpeg","icon":"https:\/\/passpasselectrique.fr\/wp-includes\/images\/media\/default.png","width":140,"height":140,"sizes":{"thumbnail":"https:\/\/passpasselectrique.fr\/wp-content\/uploads\/sites\/9\/2019\/09\/borne-HDF1.jpg","thumbnail-width":140,"thumbnail-height":140,"medium":"https:\/\/passpasselectrique.fr\/wp-content\/uploads\/sites\/9\/2019\/09\/borne-HDF1.jpg","medium-width":140,"medium-height":140,"medium_large":"https:\/\/passpasselectrique.fr\/wp-content\/uploads\/sites\/9\/2019\/09\/borne-HDF1.jpg","medium_large-width":140,"medium_large-height":140,"large":"https:\/\/passpasselectrique.fr\/wp-content\/uploads\/sites\/9\/2019\/09\/borne-HDF1.jpg","large-width":140,"large-height":140,"1536x1536":"https:\/\/passpasselectrique.fr\/wp-content\/uploads\/sites\/9\/2019\/09\/borne-HDF1.jpg","1536x1536-width":140,"1536x1536-height":140,"2048x2048":"https:\/\/passpasselectrique.fr\/wp-content\/uploads\/sites\/9\/2019\/09\/borne-HDF1.jpg","2048x2048-width":140,"2048x2048-height":140,"alize":"https:\/\/passpasselectrique.fr\/wp-content\/uploads\/sites\/9\/2019\/09\/borne-HDF1.jpg","alize-width":140,"alize-height":140}},"effet":"Aucun","video":"","id":""},{"titre":"Quick chargers","taille":false,"background":true,"type":true,"contenu":"<p><span class=\"medium-title peppy-title\">Quick chargers<\/span> (43\/50 kW), the majority of which come with all three standard plugs, can charge 80% of your battery in 30 minutes (depending on the vehicle).<\/p>\n<p>These charging points come with cables attached. No need to use your own cable.<\/p>\n","apps":false,"boutons":false,"illustration":"Image","position":false,"image":{"ID":729,"id":729,"title":"borne rapide passpasselectrique","filename":"borne-rapide-passpass.jpg","filesize":21857,"url":"https:\/\/passpasselectrique.fr\/wp-content\/uploads\/sites\/9\/2019\/11\/borne-rapide-passpass.jpg","link":"https:\/\/passpasselectrique.fr\/en\/charging-your-vehicle\/borne-rapide-passpass-2\/","alt":"","author":"7","description":"","caption":"","name":"borne-rapide-passpass-2","status":"inherit","uploaded_to":804,"date":"2019-11-13 07:14:20","modified":"2020-01-31 14:02:50","menu_order":0,"mime_type":"image\/jpeg","type":"image","subtype":"jpeg","icon":"https:\/\/passpasselectrique.fr\/wp-includes\/images\/media\/default.png","width":555,"height":555,"sizes":{"thumbnail":"https:\/\/passpasselectrique.fr\/wp-content\/uploads\/sites\/9\/2019\/11\/borne-rapide-passpass-150x150.jpg","thumbnail-width":150,"thumbnail-height":150,"medium":"https:\/\/passpasselectrique.fr\/wp-content\/uploads\/sites\/9\/2019\/11\/borne-rapide-passpass-300x300.jpg","medium-width":300,"medium-height":300,"medium_large":"https:\/\/passpasselectrique.fr\/wp-content\/uploads\/sites\/9\/2019\/11\/borne-rapide-passpass.jpg","medium_large-width":555,"medium_large-height":555,"large":"https:\/\/passpasselectrique.fr\/wp-content\/uploads\/sites\/9\/2019\/11\/borne-rapide-passpass.jpg","large-width":555,"large-height":555,"1536x1536":"https:\/\/passpasselectrique.fr\/wp-content\/uploads\/sites\/9\/2019\/11\/borne-rapide-passpass.jpg","1536x1536-width":555,"1536x1536-height":555,"2048x2048":"https:\/\/passpasselectrique.fr\/wp-content\/uploads\/sites\/9\/2019\/11\/borne-rapide-passpass.jpg","2048x2048-width":555,"2048x2048-height":555,"alize":"https:\/\/passpasselectrique.fr\/wp-content\/uploads\/sites\/9\/2019\/11\/borne-rapide-passpass.jpg","alize-width":555,"alize-height":555}},"effet":"Aucun","video":"","id":""},{"titre":"","taille":false,"background":true,"type":false,"contenu":"<p>Every charging point has at least one parking space set aside for it. <span class=\"typo-pass peppy-title text-bold\">pass pass \u00e9lectrique<\/span>\u00a0charging points are compatible with all types of vehicles that contain rechargeable batteries: fully electric vehicles, plug-in hybrid vehicles, electric bikes and scooters (two-wheeled or three-wheeled), etc.<\/p>\n<p>If you need help using a charging point: please call our technical hotline at the number(s) and times shown on the charging point<\/p>\n","apps":false,"boutons":false,"illustration":"Aucune","position":false,"image":false,"effet":"","video":"","id":""}]},{"acf_fc_layout":"bouton","titre":"","lien":null,"blank":true,"centrer":false,"icone":""},{"acf_fc_layout":"titre","titre":"How to charge your vehicle "},{"acf_fc_layout":"page_blocks","blocs":[{"titre":"If you are a subscriber to pass pass \u00e9lectrique","taille":false,"background":true,"type":false,"contenu":"<p>As a subscriber, you will enjoy a preferential rate and have access to a customer account where you can view your monthly invoices and consumption history.<\/p>\n<p>To charge your vehicle with the pass pass card:<\/p>\n<h5>Start charging<\/h5>\n<ul>\n<li>1 &#8211; Scan your badge and open the charging point&#8230;<\/li>\n<li>2 &#8211; &#8230;then plug the cable into your vehicle<\/li>\n<\/ul>\n<h5>Stop charging<\/h5>\n<ul>\n<li>3 &#8211; Scan your badge and open the charging point&#8230;<\/li>\n<li>4 &#8211; &#8230;then remove the cable and put it away<\/li>\n<\/ul>\n","apps":true,"boutons":[{"titre":"Order a card","icone":"pencil alternate","lien":{"title":"Order a card","url":"https:\/\/my.passpasselectrique.fr\/customer-services\/charging-keys","target":"_blank"}}],"illustration":"Image","position":false,"image":{"ID":726,"id":726,"title":"badge pass pass \u00e9lectrique","filename":"badge-pass-pass-NOUVELLE-version.png","filesize":105840,"url":"https:\/\/passpasselectrique.fr\/wp-content\/uploads\/sites\/9\/2019\/11\/badge-pass-pass-NOUVELLE-version.png","link":"https:\/\/passpasselectrique.fr\/en\/home-page\/badge-pass-pass-nouvelle-version-2\/","alt":"","author":"7","description":"","caption":"","name":"badge-pass-pass-nouvelle-version-2","status":"inherit","uploaded_to":800,"date":"2019-11-08 16:15:44","modified":"2020-01-31 14:02:49","menu_order":0,"mime_type":"image\/png","type":"image","subtype":"png","icon":"https:\/\/passpasselectrique.fr\/wp-includes\/images\/media\/default.png","width":837,"height":555,"sizes":{"thumbnail":"https:\/\/passpasselectrique.fr\/wp-content\/uploads\/sites\/9\/2019\/11\/badge-pass-pass-NOUVELLE-version-150x150.png","thumbnail-width":150,"thumbnail-height":150,"medium":"https:\/\/passpasselectrique.fr\/wp-content\/uploads\/sites\/9\/2019\/11\/badge-pass-pass-NOUVELLE-version-300x199.png","medium-width":300,"medium-height":199,"medium_large":"https:\/\/passpasselectrique.fr\/wp-content\/uploads\/sites\/9\/2019\/11\/badge-pass-pass-NOUVELLE-version-768x509.png","medium_large-width":640,"medium_large-height":424,"large":"https:\/\/passpasselectrique.fr\/wp-content\/uploads\/sites\/9\/2019\/11\/badge-pass-pass-NOUVELLE-version.png","large-width":640,"large-height":424,"1536x1536":"https:\/\/passpasselectrique.fr\/wp-content\/uploads\/sites\/9\/2019\/11\/badge-pass-pass-NOUVELLE-version.png","1536x1536-width":837,"1536x1536-height":555,"2048x2048":"https:\/\/passpasselectrique.fr\/wp-content\/uploads\/sites\/9\/2019\/11\/badge-pass-pass-NOUVELLE-version.png","2048x2048-width":837,"2048x2048-height":555,"alize":"https:\/\/passpasselectrique.fr\/wp-content\/uploads\/sites\/9\/2019\/11\/badge-pass-pass-NOUVELLE-version.png","alize-width":837,"alize-height":555}},"effet":"Aucun","video":"","id":""},{"titre":"If you are an occasional user","taille":true,"background":true,"type":false,"contenu":"<p>If you are not a subscriber to pass pass \u00e9lectrique, you can charge your vehicle via the mobile app and pay for your charging sessions with a bank card (non-subscriber rates apply):<\/p>\n<ul>\n<li>Find a charging point<\/li>\n<li>View rates for charging points<\/li>\n<li>Start and end a charging session<\/li>\n<li>View consumption history<\/li>\n<\/ul>\n<p>\u00a0<\/p>\n<p>To charge your vehicle with the pass pass \u00e9lectrique application<\/p>\n<h5>Start charging<\/h5>\n<ul>\n<li>1 &#8211; Select the charging point, then tap \u201cStart charging\u201d<\/li>\n<li>2 &#8211; Open the charging point&#8230;<\/li>\n<li>3 &#8211; &#8230;then plug the cable into your vehicle<\/li>\n<\/ul>\n<h5>Stop charging<\/h5>\n<ul>\n<li>3 &#8211; Select the current charging session and tap \u201cStop charging\u201d<\/li>\n<li>4 &#8211; Open the charging point&#8230;<\/li>\n<li>5 &#8211; &#8230;then remove the cable and put it away<\/li>\n<\/ul>\n","apps":false,"boutons":false,"illustration":"","position":false,"image":{"ID":727,"id":727,"title":"smartphone pass pass \u00e9lectrique","filename":"main-app-pass-pass-\u00e9lectrique.png","filesize":113568,"url":"https:\/\/passpasselectrique.fr\/wp-content\/uploads\/sites\/9\/2019\/11\/main-app-pass-pass-\u00e9lectrique.png","link":"https:\/\/passpasselectrique.fr\/en\/charging-your-vehicle\/main-app-pass-pass-electrique-2\/","alt":"","author":"7","description":"","caption":"","name":"main-app-pass-pass-electrique-2","status":"inherit","uploaded_to":804,"date":"2019-11-08 20:26:44","modified":"2020-01-31 14:02:50","menu_order":0,"mime_type":"image\/png","type":"image","subtype":"png","icon":"https:\/\/passpasselectrique.fr\/wp-includes\/images\/media\/default.png","width":675,"height":793,"sizes":{"thumbnail":"https:\/\/passpasselectrique.fr\/wp-content\/uploads\/sites\/9\/2019\/11\/main-app-pass-pass-\u00e9lectrique-150x150.png","thumbnail-width":150,"thumbnail-height":150,"medium":"https:\/\/passpasselectrique.fr\/wp-content\/uploads\/sites\/9\/2019\/11\/main-app-pass-pass-\u00e9lectrique-255x300.png","medium-width":255,"medium-height":300,"medium_large":"https:\/\/passpasselectrique.fr\/wp-content\/uploads\/sites\/9\/2019\/11\/main-app-pass-pass-\u00e9lectrique.png","medium_large-width":640,"medium_large-height":752,"large":"https:\/\/passpasselectrique.fr\/wp-content\/uploads\/sites\/9\/2019\/11\/main-app-pass-pass-\u00e9lectrique.png","large-width":640,"large-height":752,"1536x1536":"https:\/\/passpasselectrique.fr\/wp-content\/uploads\/sites\/9\/2019\/11\/main-app-pass-pass-\u00e9lectrique.png","1536x1536-width":675,"1536x1536-height":793,"2048x2048":"https:\/\/passpasselectrique.fr\/wp-content\/uploads\/sites\/9\/2019\/11\/main-app-pass-pass-\u00e9lectrique.png","2048x2048-width":675,"2048x2048-height":793,"alize":"https:\/\/passpasselectrique.fr\/wp-content\/uploads\/sites\/9\/2019\/11\/main-app-pass-pass-\u00e9lectrique.png","alize-width":675,"alize-height":793}},"effet":"","video":"","id":""}]}],"choisir_images":[{"ID":725,"id":725,"title":"2015_06_10_Marais_Isle_Saint-Quentin_Guillaume_Crochez_014","filename":"2015_06_10_Marais_Isle_Saint-Quentin_Guillaume_Crochez_014.jpg","filesize":317848,"url":"https:\/\/passpasselectrique.fr\/wp-content\/uploads\/sites\/9\/2019\/11\/2015_06_10_Marais_Isle_Saint-Quentin_Guillaume_Crochez_014.jpg","link":"https:\/\/passpasselectrique.fr\/en\/home-page\/2015_06_10_marais_isle_saint-quentin_guillaume_crochez_014-2\/","alt":"","author":"7","description":"","caption":"","name":"2015_06_10_marais_isle_saint-quentin_guillaume_crochez_014-2","status":"inherit","uploaded_to":800,"date":"2019-11-08 15:49:58","modified":"2020-01-31 14:02:49","menu_order":0,"mime_type":"image\/jpeg","type":"image","subtype":"jpeg","icon":"https:\/\/passpasselectrique.fr\/wp-includes\/images\/media\/default.png","width":1152,"height":768,"sizes":{"thumbnail":"https:\/\/passpasselectrique.fr\/wp-content\/uploads\/sites\/9\/2019\/11\/2015_06_10_Marais_Isle_Saint-Quentin_Guillaume_Crochez_014-150x150.jpg","thumbnail-width":150,"thumbnail-height":150,"medium":"https:\/\/passpasselectrique.fr\/wp-content\/uploads\/sites\/9\/2019\/11\/2015_06_10_Marais_Isle_Saint-Quentin_Guillaume_Crochez_014-300x200.jpg","medium-width":300,"medium-height":200,"medium_large":"https:\/\/passpasselectrique.fr\/wp-content\/uploads\/sites\/9\/2019\/11\/2015_06_10_Marais_Isle_Saint-Quentin_Guillaume_Crochez_014-768x512.jpg","medium_large-width":640,"medium_large-height":427,"large":"https:\/\/passpasselectrique.fr\/wp-content\/uploads\/sites\/9\/2019\/11\/2015_06_10_Marais_Isle_Saint-Quentin_Guillaume_Crochez_014-1024x683.jpg","large-width":640,"large-height":427,"1536x1536":"https:\/\/passpasselectrique.fr\/wp-content\/uploads\/sites\/9\/2019\/11\/2015_06_10_Marais_Isle_Saint-Quentin_Guillaume_Crochez_014.jpg","1536x1536-width":1152,"1536x1536-height":768,"2048x2048":"https:\/\/passpasselectrique.fr\/wp-content\/uploads\/sites\/9\/2019\/11\/2015_06_10_Marais_Isle_Saint-Quentin_Guillaume_Crochez_014.jpg","2048x2048-width":1152,"2048x2048-height":768,"alize":"https:\/\/passpasselectrique.fr\/wp-content\/uploads\/sites\/9\/2019\/11\/2015_06_10_Marais_Isle_Saint-Quentin_Guillaume_Crochez_014.jpg","alize-width":1152,"alize-height":768}},{"ID":645,"id":645,"title":"MOULIN DE BOESCHEPE","filename":"Flandres.jpg","filesize":1093010,"url":"https:\/\/passpasselectrique.fr\/wp-content\/uploads\/sites\/9\/2019\/11\/Flandres.jpg","link":"https:\/\/passpasselectrique.fr\/en\/home-page\/moulin-de-boeschepe-2\/","alt":"","author":"7","description":"","caption":"Le moulin de l'Ingratitude ou Ondankmeulen est un moulin \u00e0 vent dans la commune fran\u00e7aise de Boeschepe, situ\u00e9 juste \u00e0 l'ouest du centre du village. Il s'agit d'un moulin en bois, sur pivot, qui a \u00e9t\u00e9 utilis\u00e9 pour moudre du grain. photo : Claude waeghemacker le 29\/05\/2014.","name":"moulin-de-boeschepe-2","status":"inherit","uploaded_to":800,"date":"2019-11-08 15:46:43","modified":"2020-01-31 14:02:49","menu_order":0,"mime_type":"image\/jpeg","type":"image","subtype":"jpeg","icon":"https:\/\/passpasselectrique.fr\/wp-includes\/images\/media\/default.png","width":2362,"height":1575,"sizes":{"thumbnail":"https:\/\/passpasselectrique.fr\/wp-content\/uploads\/sites\/9\/2019\/11\/Flandres-150x150.jpg","thumbnail-width":150,"thumbnail-height":150,"medium":"https:\/\/passpasselectrique.fr\/wp-content\/uploads\/sites\/9\/2019\/11\/Flandres-300x200.jpg","medium-width":300,"medium-height":200,"medium_large":"https:\/\/passpasselectrique.fr\/wp-content\/uploads\/sites\/9\/2019\/11\/Flandres-768x512.jpg","medium_large-width":640,"medium_large-height":427,"large":"https:\/\/passpasselectrique.fr\/wp-content\/uploads\/sites\/9\/2019\/11\/Flandres-1024x683.jpg","large-width":640,"large-height":427,"1536x1536":"https:\/\/passpasselectrique.fr\/wp-content\/uploads\/sites\/9\/2019\/11\/Flandres.jpg","1536x1536-width":1536,"1536x1536-height":1024,"2048x2048":"https:\/\/passpasselectrique.fr\/wp-content\/uploads\/sites\/9\/2019\/11\/Flandres.jpg","2048x2048-width":2048,"2048x2048-height":1366,"alize":"https:\/\/passpasselectrique.fr\/wp-content\/uploads\/sites\/9\/2019\/11\/Flandres-1950x1300.jpg","alize-width":1950,"alize-height":1300}},{"ID":719,"id":719,"title":"VUE AERIENNE DE VIEUX CONDE - CITE TAFFIN","filename":"Escaut.jpg","filesize":1285976,"url":"https:\/\/passpasselectrique.fr\/wp-content\/uploads\/sites\/9\/2019\/11\/Escaut.jpg","link":"https:\/\/passpasselectrique.fr\/en\/home-page\/vue-aerienne-de-vieux-conde-cite-taffin-2\/","alt":"","author":"7","description":"","caption":"Vieux-Cond\u00e9 est une commune fran\u00e7aise de la banlieue de Valenciennes, situ\u00e9e sur le cours canalis\u00e9 de l'Escaut. Photo : Philippe Frutier le 30\/11\/2011.","name":"vue-aerienne-de-vieux-conde-cite-taffin-2","status":"inherit","uploaded_to":800,"date":"2019-11-08 15:46:13","modified":"2020-01-31 14:02:49","menu_order":0,"mime_type":"image\/jpeg","type":"image","subtype":"jpeg","icon":"https:\/\/passpasselectrique.fr\/wp-includes\/images\/media\/default.png","width":2067,"height":1378,"sizes":{"thumbnail":"https:\/\/passpasselectrique.fr\/wp-content\/uploads\/sites\/9\/2019\/11\/Escaut-150x150.jpg","thumbnail-width":150,"thumbnail-height":150,"medium":"https:\/\/passpasselectrique.fr\/wp-content\/uploads\/sites\/9\/2019\/11\/Escaut-300x200.jpg","medium-width":300,"medium-height":200,"medium_large":"https:\/\/passpasselectrique.fr\/wp-content\/uploads\/sites\/9\/2019\/11\/Escaut-768x512.jpg","medium_large-width":640,"medium_large-height":427,"large":"https:\/\/passpasselectrique.fr\/wp-content\/uploads\/sites\/9\/2019\/11\/Escaut-1024x683.jpg","large-width":640,"large-height":427,"1536x1536":"https:\/\/passpasselectrique.fr\/wp-content\/uploads\/sites\/9\/2019\/11\/Escaut.jpg","1536x1536-width":1536,"1536x1536-height":1024,"2048x2048":"https:\/\/passpasselectrique.fr\/wp-content\/uploads\/sites\/9\/2019\/11\/Escaut.jpg","2048x2048-width":2048,"2048x2048-height":1365,"alize":"https:\/\/passpasselectrique.fr\/wp-content\/uploads\/sites\/9\/2019\/11\/Escaut-1950x1300.jpg","alize-width":1950,"alize-height":1300}},{"ID":650,"id":650,"title":"PORT DE PECHE DE BOULOGNE-SUR-MER","filename":"port-Boulogne.jpg","filesize":1082477,"url":"https:\/\/passpasselectrique.fr\/wp-content\/uploads\/sites\/9\/2019\/11\/port-Boulogne.jpg","link":"https:\/\/passpasselectrique.fr\/en\/home-page\/port-de-peche-de-boulogne-sur-mer-2\/","alt":"","author":"7","description":"","caption":"Photographies illustrant un article du magazine Nord Pas de Calais","name":"port-de-peche-de-boulogne-sur-mer-2","status":"inherit","uploaded_to":800,"date":"2019-11-08 15:47:40","modified":"2020-01-31 14:02:49","menu_order":0,"mime_type":"image\/jpeg","type":"image","subtype":"jpeg","icon":"https:\/\/passpasselectrique.fr\/wp-includes\/images\/media\/default.png","width":2256,"height":1504,"sizes":{"thumbnail":"https:\/\/passpasselectrique.fr\/wp-content\/uploads\/sites\/9\/2019\/11\/port-Boulogne-150x150.jpg","thumbnail-width":150,"thumbnail-height":150,"medium":"https:\/\/passpasselectrique.fr\/wp-content\/uploads\/sites\/9\/2019\/11\/port-Boulogne-300x200.jpg","medium-width":300,"medium-height":200,"medium_large":"https:\/\/passpasselectrique.fr\/wp-content\/uploads\/sites\/9\/2019\/11\/port-Boulogne-768x512.jpg","medium_large-width":640,"medium_large-height":427,"large":"https:\/\/passpasselectrique.fr\/wp-content\/uploads\/sites\/9\/2019\/11\/port-Boulogne-1024x683.jpg","large-width":640,"large-height":427,"1536x1536":"https:\/\/passpasselectrique.fr\/wp-content\/uploads\/sites\/9\/2019\/11\/port-Boulogne.jpg","1536x1536-width":1536,"1536x1536-height":1024,"2048x2048":"https:\/\/passpasselectrique.fr\/wp-content\/uploads\/sites\/9\/2019\/11\/port-Boulogne.jpg","2048x2048-width":2048,"2048x2048-height":1365,"alize":"https:\/\/passpasselectrique.fr\/wp-content\/uploads\/sites\/9\/2019\/11\/port-Boulogne-1950x1300.jpg","alize-width":1950,"alize-height":1300}}]},"yoast_head":"<!-- This site is optimized with the Yoast SEO plugin v26.1.1 - https:\/\/yoast.com\/wordpress\/plugins\/seo\/ -->\n<title>Charging your vehicle - Pass Pass \u00c9lectrique<\/title>\n<meta name=\"description\" content=\"With or without a subscription, you can charge your vehicle at any normal or quick charger in the pass pass \u00e9lectrique network using the app or badge.\" \/>\n<meta name=\"robots\" content=\"index, follow, max-snippet:-1, max-image-preview:large, max-video-preview:-1\" \/>\n<link rel=\"canonical\" href=\"https:\/\/passpasselectrique.fr\/en\/charging-your-vehicle\/\" \/>\n<meta property=\"og:locale\" content=\"en_US\" \/>\n<meta property=\"og:type\" content=\"article\" \/>\n<meta property=\"og:title\" content=\"Charging your vehicle - Pass Pass \u00c9lectrique\" \/>\n<meta property=\"og:description\" content=\"With or without a subscription, you can charge your vehicle at any normal or quick charger in the pass pass \u00e9lectrique network using the app or badge.\" \/>\n<meta property=\"og:url\" content=\"https:\/\/passpasselectrique.fr\/en\/charging-your-vehicle\/\" \/>\n<meta property=\"og:site_name\" content=\"Pass Pass \u00c9lectrique\" \/>\n<meta property=\"article:modified_time\" content=\"2020-02-06T10:26:08+00:00\" \/>\n<meta name=\"twitter:card\" content=\"summary_large_image\" \/>\n<script type=\"application\/ld+json\" class=\"yoast-schema-graph\">{\"@context\":\"https:\/\/schema.org\",\"@graph\":[{\"@type\":\"WebPage\",\"@id\":\"https:\/\/passpasselectrique.fr\/en\/charging-your-vehicle\/\",\"url\":\"https:\/\/passpasselectrique.fr\/en\/charging-your-vehicle\/\",\"name\":\"Charging your vehicle - Pass Pass \u00c9lectrique\",\"isPartOf\":{\"@id\":\"https:\/\/passpasselectrique.fr\/fr\/#website\"},\"datePublished\":\"2020-01-31T14:02:50+00:00\",\"dateModified\":\"2020-02-06T10:26:08+00:00\",\"description\":\"With or without a subscription, you can charge your vehicle at any normal or quick charger in the pass pass \u00e9lectrique network using the app or badge.\",\"breadcrumb\":{\"@id\":\"https:\/\/passpasselectrique.fr\/en\/charging-your-vehicle\/#breadcrumb\"},\"inLanguage\":\"en-US\",\"potentialAction\":[{\"@type\":\"ReadAction\",\"target\":[\"https:\/\/passpasselectrique.fr\/en\/charging-your-vehicle\/\"]}]},{\"@type\":\"BreadcrumbList\",\"@id\":\"https:\/\/passpasselectrique.fr\/en\/charging-your-vehicle\/#breadcrumb\",\"itemListElement\":[{\"@type\":\"ListItem\",\"position\":1,\"name\":\"Accueil\",\"item\":\"https:\/\/passpasselectrique.fr\/en\/\"},{\"@type\":\"ListItem\",\"position\":2,\"name\":\"Charging your vehicle\"}]},{\"@type\":\"WebSite\",\"@id\":\"https:\/\/passpasselectrique.fr\/fr\/#website\",\"url\":\"https:\/\/passpasselectrique.fr\/fr\/\",\"name\":\"Pass Pass \u00c9lectrique\",\"description\":\"Hauts-de-France Mobilit\u00e9s\",\"potentialAction\":[{\"@type\":\"SearchAction\",\"target\":{\"@type\":\"EntryPoint\",\"urlTemplate\":\"https:\/\/passpasselectrique.fr\/fr\/?s={search_term_string}\"},\"query-input\":{\"@type\":\"PropertyValueSpecification\",\"valueRequired\":true,\"valueName\":\"search_term_string\"}}],\"inLanguage\":\"en-US\"}]}<\/script>\n<!-- \/ Yoast SEO plugin. -->","yoast_head_json":{"title":"Charging your vehicle - Pass Pass \u00c9lectrique","description":"With or without a subscription, you can charge your vehicle at any normal or quick charger in the pass pass \u00e9lectrique network using the app or badge.","robots":{"index":"index","follow":"follow","max-snippet":"max-snippet:-1","max-image-preview":"max-image-preview:large","max-video-preview":"max-video-preview:-1"},"canonical":"https:\/\/passpasselectrique.fr\/en\/charging-your-vehicle\/","og_locale":"en_US","og_type":"article","og_title":"Charging your vehicle - Pass Pass \u00c9lectrique","og_description":"With or without a subscription, you can charge your vehicle at any normal or quick charger in the pass pass \u00e9lectrique network using the app or badge.","og_url":"https:\/\/passpasselectrique.fr\/en\/charging-your-vehicle\/","og_site_name":"Pass Pass \u00c9lectrique","article_modified_time":"2020-02-06T10:26:08+00:00","twitter_card":"summary_large_image","schema":{"@context":"https:\/\/schema.org","@graph":[{"@type":"WebPage","@id":"https:\/\/passpasselectrique.fr\/en\/charging-your-vehicle\/","url":"https:\/\/passpasselectrique.fr\/en\/charging-your-vehicle\/","name":"Charging your vehicle - Pass Pass \u00c9lectrique","isPartOf":{"@id":"https:\/\/passpasselectrique.fr\/fr\/#website"},"datePublished":"2020-01-31T14:02:50+00:00","dateModified":"2020-02-06T10:26:08+00:00","description":"With or without a subscription, you can charge your vehicle at any normal or quick charger in the pass pass \u00e9lectrique network using the app or badge.","breadcrumb":{"@id":"https:\/\/passpasselectrique.fr\/en\/charging-your-vehicle\/#breadcrumb"},"inLanguage":"en-US","potentialAction":[{"@type":"ReadAction","target":["https:\/\/passpasselectrique.fr\/en\/charging-your-vehicle\/"]}]},{"@type":"BreadcrumbList","@id":"https:\/\/passpasselectrique.fr\/en\/charging-your-vehicle\/#breadcrumb","itemListElement":[{"@type":"ListItem","position":1,"name":"Accueil","item":"https:\/\/passpasselectrique.fr\/en\/"},{"@type":"ListItem","position":2,"name":"Charging your vehicle"}]},{"@type":"WebSite","@id":"https:\/\/passpasselectrique.fr\/fr\/#website","url":"https:\/\/passpasselectrique.fr\/fr\/","name":"Pass Pass \u00c9lectrique","description":"Hauts-de-France Mobilit\u00e9s","potentialAction":[{"@type":"SearchAction","target":{"@type":"EntryPoint","urlTemplate":"https:\/\/passpasselectrique.fr\/fr\/?s={search_term_string}"},"query-input":{"@type":"PropertyValueSpecification","valueRequired":true,"valueName":"search_term_string"}}],"inLanguage":"en-US"}]}},"_links":{"self":[{"href":"https:\/\/passpasselectrique.fr\/en\/wp-json\/wp\/v2\/pages\/804","targetHints":{"allow":["GET"]}}],"collection":[{"href":"https:\/\/passpasselectrique.fr\/en\/wp-json\/wp\/v2\/pages"}],"about":[{"href":"https:\/\/passpasselectrique.fr\/en\/wp-json\/wp\/v2\/types\/page"}],"author":[{"embeddable":true,"href":"https:\/\/passpasselectrique.fr\/en\/wp-json\/wp\/v2\/users\/7"}],"replies":[{"embeddable":true,"href":"https:\/\/passpasselectrique.fr\/en\/wp-json\/wp\/v2\/comments?post=804"}],"version-history":[{"count":1,"href":"https:\/\/passpasselectrique.fr\/en\/wp-json\/wp\/v2\/pages\/804\/revisions"}],"predecessor-version":[{"id":813,"href":"https:\/\/passpasselectrique.fr\/en\/wp-json\/wp\/v2\/pages\/804\/revisions\/813"}],"wp:attachment":[{"href":"https:\/\/passpasselectrique.fr\/en\/wp-json\/wp\/v2\/media?parent=804"}],"curies":[{"name":"wp","href":"https:\/\/api.w.org\/{rel}","templated":true}]}}