{"id":120,"date":"2019-10-11T10:06:24","date_gmt":"2019-10-11T08:06:24","guid":{"rendered":"http:\/\/passpass.alizecharge.com\/?page_id=120"},"modified":"2026-02-17T16:53:55","modified_gmt":"2026-02-17T15:53:55","slug":"tarifs","status":"publish","type":"page","link":"https:\/\/passpasselectrique.fr\/fr\/tarifs\/","title":{"rendered":"Tarifs"},"content":{"rendered":"<p><a href=\"https:\/\/seminararbeitghostwriter.com\/\">seminararbeit kaufen<\/a><br \/>\n<a href=\"https:\/\/ghostwriter-agentur.de\/bachelorarbeit-schreiben-lassen\/\">bachelorarbeit kaufen<\/a><\/p>\n","protected":false},"excerpt":{"rendered":"<p>seminararbeit kaufen bachelorarbeit kaufen<\/p>\n","protected":false},"author":7,"featured_media":0,"parent":0,"menu_order":0,"comment_status":"closed","ping_status":"closed","template":"","meta":{"_acf_changed":false,"footnotes":""},"class_list":["post-120","page","type-page","status-publish","hentry"],"acf":{"taille_header":false,"images":"Choisir images","intro":"","boutons":false,"partenaires_header":false,"contenus":[{"acf_fc_layout":"contenu","titre":"","contenu":"<p style=\"text-align: center;\">Tarifs \u00e0 partir du 1er avril 2025<\/p>\n<p><img loading=\"lazy\" decoding=\"async\" class=\"wp-image-1059 size-full aligncenter\" src=\"https:\/\/passpasselectrique.fr\/wp-content\/uploads\/sites\/9\/2025\/03\/tarif-ppe-tableau3.png\" alt=\"\" width=\"1117\" height=\"522\" srcset=\"https:\/\/passpasselectrique.fr\/wp-content\/uploads\/sites\/9\/2025\/03\/tarif-ppe-tableau3.png 1117w, https:\/\/passpasselectrique.fr\/wp-content\/uploads\/sites\/9\/2025\/03\/tarif-ppe-tableau3-300x140.png 300w, https:\/\/passpasselectrique.fr\/wp-content\/uploads\/sites\/9\/2025\/03\/tarif-ppe-tableau3-1024x479.png 1024w, https:\/\/passpasselectrique.fr\/wp-content\/uploads\/sites\/9\/2025\/03\/tarif-ppe-tableau3-768x359.png 768w\" sizes=\"auto, (max-width: 1117px) 100vw, 1117px\" \/><\/p>\n<p>&nbsp;<\/p>\n<p style=\"text-align: center;\"><em>Les tarifs ci-dessus sont indicatifs, veuillez-vous r\u00e9f\u00e9rer aux informations tarifaires affich\u00e9s sur la borne de recharge.<\/em><\/p>\n<p style=\"text-align: center;\"><strong>Les tarifs\u00a0des diff\u00e9rentes dur\u00e9es de charge sont indiqu\u00e9s sur chacune des bornes. Vous pouvez au pr\u00e9alable consulter les tarifs des bornes dans l\u2019application et sur l\u2019onglet carte du r\u00e9seau, en cliquant sur les stations qui vous int\u00e9ressent.<\/strong><\/p>\n<p style=\"text-align: center;\">Vous b\u00e9n\u00e9ficier \u00e9galement de la possibilit\u00e9 de vous recharger sur des bornes d\u2019autres r\u00e9seaux avec votre carte pass pass<\/p>\n<p>&nbsp;<\/p>\n<p>A noter :<\/p>\n<ul>\n<li>Tout palier temporel ou de puissance (kWh) entam\u00e9 est d\u00fb<\/li>\n<li>Attention, m\u00eame lorsque la batterie de votre v\u00e9hicule est pleine, la facturation se poursuit tant que votre v\u00e9hicule reste branch\u00e9. Il vous est donc recommand\u00e9 de cl\u00f4turer votre session et de d\u00e9placer votre v\u00e9hicule lorsque celui-ci est recharg\u00e9<\/li>\n<li>Un utilisateur est consid\u00e9r\u00e9 abonn\u00e9 d\u00e8s lors qu\u2019il cr\u00e9e un compte pass pass \u00e9lectrique via l\u2019espace client<\/li>\n<li>Les plafonds de facturation mensuel des abonn\u00e9s est supprim\u00e9<\/li>\n<\/ul>\n<p>&nbsp;<\/p>\n<p>&nbsp;<\/p>\n<p style=\"text-align: center;\">Attention, toutes les indications ci-dessous sont valables uniquement jusqu\u2019\u00e0 la modification des tarifs jusqu\u2019au 1er avril 2025<\/p>\n<p style=\"text-align: center;\"><img loading=\"lazy\" decoding=\"async\" class=\"alignnone wp-image-1028 size-full\" src=\"https:\/\/passpasselectrique.fr\/wp-content\/uploads\/sites\/9\/2023\/05\/Capture-d\u2019\u00e9cran-2023-05-09-100924.png\" alt=\"\" width=\"1095\" height=\"508\" srcset=\"https:\/\/passpasselectrique.fr\/wp-content\/uploads\/sites\/9\/2023\/05\/Capture-d\u2019\u00e9cran-2023-05-09-100924.png 1095w, https:\/\/passpasselectrique.fr\/wp-content\/uploads\/sites\/9\/2023\/05\/Capture-d\u2019\u00e9cran-2023-05-09-100924-300x139.png 300w, https:\/\/passpasselectrique.fr\/wp-content\/uploads\/sites\/9\/2023\/05\/Capture-d\u2019\u00e9cran-2023-05-09-100924-1024x475.png 1024w, https:\/\/passpasselectrique.fr\/wp-content\/uploads\/sites\/9\/2023\/05\/Capture-d\u2019\u00e9cran-2023-05-09-100924-768x356.png 768w\" sizes=\"auto, (max-width: 1095px) 100vw, 1095px\" \/><\/p>\n<p style=\"text-align: center;\"><em>Les tarifs ci dessus sont indicatifs, veuillez vous r\u00e9f\u00e9rer aux informations tarifaire affich\u00e9s sur la borne de recharge.<\/em><\/p>\n<p style=\"text-align: center;\"><strong>Les plafonds de 40\u20ac, 60\u20ac, 80\u20ac ou 120\u20ac ne s\u2019appliquent que pour les sessions de recharge effectu\u00e9es sur le r\u00e9seau pass pass \u00e9lectrique.<\/strong><\/p>\n<p style=\"text-align: center;\"><strong>Pour b\u00e9n\u00e9ficier des plafonds mensuels, il est n\u00e9cessaire de choisir un moyen de paiement en facturation mensuelle<\/strong><\/p>\n<p>&nbsp;<\/p>\n<p>Les tarifs <strong><span style=\"color: #7030a1;\">violet<\/span><\/strong>, <strong><span style=\"color: #e90888;\">rouge<\/span><\/strong>, <strong><span style=\"color: #16b5cb;\">bleu<\/span><\/strong><span style=\"color: #16b5cb;\">, <\/span><strong><span style=\"color: #bcd62b;\">vert <\/span><\/strong>et <strong><span style=\"color: #ffc000;\">jaune <\/span><\/strong>pr\u00e9sent\u00e9s ci-dessous sont indiqu\u00e9s sur chacune des bornes. Vous pouvez au pr\u00e9alable consulter les tarifs des bornes dans l&rsquo;application et sur l\u2019onglet carte du r\u00e9seau, en cliquant sur les stations qui vous int\u00e9ressent.<\/p>\n<p>A noter :<\/p>\n<ul>\n<li>Tout palier de 5 minutes, 10 minutes, 20 minutes ou 24 heures entam\u00e9 est d\u00fb<\/li>\n<li>Pour le tarif bleu, au moment du passage du tarif jour au tarif nuit (et inversement), le palier de 20 minutes est r\u00e9initialis\u00e9<\/li>\n<li>Les plafonds de 40\u20ac, 60\u20ac, 80\u20ac ou 120\u20ac ne s&rsquo;appliquent que pour les sessions de recharge effectu\u00e9es sur le r\u00e9seau pass pass \u00e9lectrique. Les sessions de recharge effectu\u00e9es sur les r\u00e9seaux externes sont factur\u00e9s en dehors du plafond.<\/li>\n<li><span class=\"typo-pass\">pass pass \u00e9lectrique<\/span> est un service de charge. Il n\u2019est pas vendu de l\u2019\u00e9lectricit\u00e9 consomm\u00e9e, mais du temps pass\u00e9 sur une borne. Ainsi, m\u00eame lorsque la batterie de votre v\u00e9hicule est pleine, la facturation se poursuit tant que votre v\u00e9hicule reste branch\u00e9. Il vous est donc recommand\u00e9 de cl\u00f4turer votre session et de d\u00e9placer votre v\u00e9hicule lorsque celui-ci est recharg\u00e9.* Le TPE (Terminal de paiement \u00e9lectronique) est utilis\u00e9 pour vos recharges par carte bancaire directement sur la borne<\/li>\n<li>Un utilisateur est consid\u00e9r\u00e9 abonn\u00e9 d\u00e8s lors qu&rsquo;il cr\u00e9e un compte PassPass \u00e9lectrique via l&rsquo;espace client<\/li>\n<\/ul>\n"}],"choisir_images":[{"ID":526,"id":526,"title":"MOISSONNAGE DANS LE TERNOIS","filename":"Ternois.jpg","filesize":470856,"url":"https:\/\/passpasselectrique.fr\/wp-content\/uploads\/sites\/9\/2019\/11\/Ternois.jpg","link":"https:\/\/passpasselectrique.fr\/fr\/page-d-exemple\/moissonnage-dans-le-ternois\/","alt":"MOISSONNAGE DANS LE TERNOIS","author":"7","description":"","caption":"Moissonage dans le ternois\nle 04 aout 2007\nPhoto : Dominique Bokalo","name":"moissonnage-dans-le-ternois","status":"inherit","uploaded_to":2,"date":"2019-11-08 15:47:59","modified":"2019-11-27 10:54:14","menu_order":0,"mime_type":"image\/jpeg","type":"image","subtype":"jpeg","icon":"https:\/\/passpasselectrique.fr\/wp-includes\/images\/media\/default.png","width":1477,"height":986,"sizes":{"thumbnail":"https:\/\/passpasselectrique.fr\/wp-content\/uploads\/sites\/9\/2019\/11\/Ternois-150x150.jpg","thumbnail-width":150,"thumbnail-height":150,"medium":"https:\/\/passpasselectrique.fr\/wp-content\/uploads\/sites\/9\/2019\/11\/Ternois-300x200.jpg","medium-width":300,"medium-height":200,"medium_large":"https:\/\/passpasselectrique.fr\/wp-content\/uploads\/sites\/9\/2019\/11\/Ternois-768x513.jpg","medium_large-width":640,"medium_large-height":428,"large":"https:\/\/passpasselectrique.fr\/wp-content\/uploads\/sites\/9\/2019\/11\/Ternois-1024x684.jpg","large-width":640,"large-height":428,"1536x1536":"https:\/\/passpasselectrique.fr\/wp-content\/uploads\/sites\/9\/2019\/11\/Ternois.jpg","1536x1536-width":1477,"1536x1536-height":986,"2048x2048":"https:\/\/passpasselectrique.fr\/wp-content\/uploads\/sites\/9\/2019\/11\/Ternois.jpg","2048x2048-width":1477,"2048x2048-height":986,"alize":"https:\/\/passpasselectrique.fr\/wp-content\/uploads\/sites\/9\/2019\/11\/Ternois.jpg","alize-width":1477,"alize-height":986}},{"ID":515,"id":515,"title":"BEFFROI D'ARRAS","filename":"arras.jpg","filesize":1060925,"url":"https:\/\/passpasselectrique.fr\/wp-content\/uploads\/sites\/9\/2019\/11\/arras.jpg","link":"https:\/\/passpasselectrique.fr\/fr\/page-d-exemple\/beffroi-darras\/","alt":"BEFFROI D'ARRAS","author":"7","description":"","caption":"H\u00f4tel de Ville et beffroi de style gothique, site class\u00e9 au patrimoine mondial par l'UNESCO, Place des H\u00e9ros (Petite Place). Photo : Dominique Bokalo le 03\/05\/2016.","name":"beffroi-darras","status":"inherit","uploaded_to":2,"date":"2019-11-08 15:44:17","modified":"2019-11-27 10:55:41","menu_order":0,"mime_type":"image\/jpeg","type":"image","subtype":"jpeg","icon":"https:\/\/passpasselectrique.fr\/wp-includes\/images\/media\/default.png","width":2362,"height":1559,"sizes":{"thumbnail":"https:\/\/passpasselectrique.fr\/wp-content\/uploads\/sites\/9\/2019\/11\/arras-150x150.jpg","thumbnail-width":150,"thumbnail-height":150,"medium":"https:\/\/passpasselectrique.fr\/wp-content\/uploads\/sites\/9\/2019\/11\/arras-300x198.jpg","medium-width":300,"medium-height":198,"medium_large":"https:\/\/passpasselectrique.fr\/wp-content\/uploads\/sites\/9\/2019\/11\/arras-768x507.jpg","medium_large-width":640,"medium_large-height":423,"large":"https:\/\/passpasselectrique.fr\/wp-content\/uploads\/sites\/9\/2019\/11\/arras-1024x676.jpg","large-width":640,"large-height":423,"1536x1536":"https:\/\/passpasselectrique.fr\/wp-content\/uploads\/sites\/9\/2019\/11\/arras.jpg","1536x1536-width":1536,"1536x1536-height":1014,"2048x2048":"https:\/\/passpasselectrique.fr\/wp-content\/uploads\/sites\/9\/2019\/11\/arras.jpg","2048x2048-width":2048,"2048x2048-height":1352,"alize":"https:\/\/passpasselectrique.fr\/wp-content\/uploads\/sites\/9\/2019\/11\/arras-1970x1300.jpg","alize-width":1970,"alize-height":1300}},{"ID":516,"id":516,"title":"Le verger de la ferme de Mme Dubois. Jolimetz. Avesnois","filename":"Avesnois.jpg","filesize":1119949,"url":"https:\/\/passpasselectrique.fr\/wp-content\/uploads\/sites\/9\/2019\/11\/Avesnois.jpg","link":"https:\/\/passpasselectrique.fr\/fr\/page-d-exemple\/le-verger-de-la-ferme-de-mme-dubois-jolimetz-avesnois-25-09-2007\/","alt":"Le verger de la ferme de Mme Dubois. Jolimetz. Avesnois","author":"7","description":"","caption":"Le verger de la ferme de Mme Dubois a la douceur et la s\u00e9r\u00e9nit\u00e9 des espaces respect\u00e9s.  \nSans contraintes, sans heurs, sans brutalit\u00e9 de coupe, l\u0092arbre, le pommier, n\u0092y est pas seulement la source de production du fruit et de revenus. \nIl est un \u00e9l\u00e9ment de beaut\u00e9 et d\u0092\u00e9quilibre du paysage et du cadre de vie.\nLes pommes de hautes tiges sont, comme leur nom l\u0092indique, perch\u00e9es sur les branches de pommiers immenses autant que splendides.\nLe lieu est plus proche de l\u0092histoire du roman Steinbeck dans lequel la \u00ab petite pomme, rare\u0085\u00bb concentre toute la beaut\u00e9 et le go\u00fbt de la campagne face \u00e0 \u00ab\u0085la grande ville\u0085qui \u00e9tale\u0085ses fruits parfaits en nombre \u0085mais qui n\u0092ont pas cette saveur\u0085  \u00bb\t\t\t\t\tJolimetz. 25\/09\/2007.","name":"le-verger-de-la-ferme-de-mme-dubois-jolimetz-avesnois-25-09-2007","status":"inherit","uploaded_to":2,"date":"2019-11-08 15:44:37","modified":"2019-11-27 10:55:32","menu_order":0,"mime_type":"image\/jpeg","type":"image","subtype":"jpeg","icon":"https:\/\/passpasselectrique.fr\/wp-includes\/images\/media\/default.png","width":1775,"height":1181,"sizes":{"thumbnail":"https:\/\/passpasselectrique.fr\/wp-content\/uploads\/sites\/9\/2019\/11\/Avesnois-150x150.jpg","thumbnail-width":150,"thumbnail-height":150,"medium":"https:\/\/passpasselectrique.fr\/wp-content\/uploads\/sites\/9\/2019\/11\/Avesnois-300x200.jpg","medium-width":300,"medium-height":200,"medium_large":"https:\/\/passpasselectrique.fr\/wp-content\/uploads\/sites\/9\/2019\/11\/Avesnois-768x511.jpg","medium_large-width":640,"medium_large-height":426,"large":"https:\/\/passpasselectrique.fr\/wp-content\/uploads\/sites\/9\/2019\/11\/Avesnois-1024x681.jpg","large-width":640,"large-height":426,"1536x1536":"https:\/\/passpasselectrique.fr\/wp-content\/uploads\/sites\/9\/2019\/11\/Avesnois.jpg","1536x1536-width":1536,"1536x1536-height":1022,"2048x2048":"https:\/\/passpasselectrique.fr\/wp-content\/uploads\/sites\/9\/2019\/11\/Avesnois.jpg","2048x2048-width":1775,"2048x2048-height":1181,"alize":"https:\/\/passpasselectrique.fr\/wp-content\/uploads\/sites\/9\/2019\/11\/Avesnois.jpg","alize-width":1775,"alize-height":1181}},{"ID":514,"id":514,"title":"2010_04_26_Le_Crotoy_Philippe_Grandsire_003","filename":"2010_04_26_Le_Crotoy_Philippe_Grandsire_003.jpg","filesize":1331258,"url":"https:\/\/passpasselectrique.fr\/wp-content\/uploads\/sites\/9\/2019\/11\/2010_04_26_Le_Crotoy_Philippe_Grandsire_003.jpg","link":"https:\/\/passpasselectrique.fr\/fr\/page-d-exemple\/2010_04_26_le_crotoy_philippe_grandsire_003\/","alt":"Le_Crotoy_Philippe_Grandsire_003","author":"7","description":"","caption":"le crotoy - mer - baie de somme - moutons - promeneurs - famille - tourisme - paysage","name":"2010_04_26_le_crotoy_philippe_grandsire_003","status":"inherit","uploaded_to":2,"date":"2019-11-08 15:43:24","modified":"2019-11-27 10:55:53","menu_order":0,"mime_type":"image\/jpeg","type":"image","subtype":"jpeg","icon":"https:\/\/passpasselectrique.fr\/wp-includes\/images\/media\/default.png","width":1944,"height":1296,"sizes":{"thumbnail":"https:\/\/passpasselectrique.fr\/wp-content\/uploads\/sites\/9\/2019\/11\/2010_04_26_Le_Crotoy_Philippe_Grandsire_003-150x150.jpg","thumbnail-width":150,"thumbnail-height":150,"medium":"https:\/\/passpasselectrique.fr\/wp-content\/uploads\/sites\/9\/2019\/11\/2010_04_26_Le_Crotoy_Philippe_Grandsire_003-300x200.jpg","medium-width":300,"medium-height":200,"medium_large":"https:\/\/passpasselectrique.fr\/wp-content\/uploads\/sites\/9\/2019\/11\/2010_04_26_Le_Crotoy_Philippe_Grandsire_003-768x512.jpg","medium_large-width":640,"medium_large-height":427,"large":"https:\/\/passpasselectrique.fr\/wp-content\/uploads\/sites\/9\/2019\/11\/2010_04_26_Le_Crotoy_Philippe_Grandsire_003-1024x683.jpg","large-width":640,"large-height":427,"1536x1536":"https:\/\/passpasselectrique.fr\/wp-content\/uploads\/sites\/9\/2019\/11\/2010_04_26_Le_Crotoy_Philippe_Grandsire_003.jpg","1536x1536-width":1536,"1536x1536-height":1024,"2048x2048":"https:\/\/passpasselectrique.fr\/wp-content\/uploads\/sites\/9\/2019\/11\/2010_04_26_Le_Crotoy_Philippe_Grandsire_003.jpg","2048x2048-width":1944,"2048x2048-height":1296,"alize":"https:\/\/passpasselectrique.fr\/wp-content\/uploads\/sites\/9\/2019\/11\/2010_04_26_Le_Crotoy_Philippe_Grandsire_003.jpg","alize-width":1944,"alize-height":1296}},{"ID":522,"id":522,"title":"MOULIN DE BOESCHEPE","filename":"Flandres.jpg","filesize":1093010,"url":"https:\/\/passpasselectrique.fr\/wp-content\/uploads\/sites\/9\/2019\/11\/Flandres.jpg","link":"https:\/\/passpasselectrique.fr\/fr\/page-d-exemple\/moulin-de-boeschepe\/","alt":"MOULIN DE BOESCHEPE","author":"7","description":"","caption":"Le moulin de l'Ingratitude ou Ondankmeulen est un moulin \u00e0 vent dans la commune fran\u00e7aise de Boeschepe, situ\u00e9 juste \u00e0 l'ouest du centre du village. Il s'agit d'un moulin en bois, sur pivot, qui a \u00e9t\u00e9 utilis\u00e9 pour moudre du grain. photo : Claude waeghemacker le 29\/05\/2014.","name":"moulin-de-boeschepe","status":"inherit","uploaded_to":2,"date":"2019-11-08 15:46:43","modified":"2019-11-28 14:47:53","menu_order":0,"mime_type":"image\/jpeg","type":"image","subtype":"jpeg","icon":"https:\/\/passpasselectrique.fr\/wp-includes\/images\/media\/default.png","width":2362,"height":1575,"sizes":{"thumbnail":"https:\/\/passpasselectrique.fr\/wp-content\/uploads\/sites\/9\/2019\/11\/Flandres-150x150.jpg","thumbnail-width":150,"thumbnail-height":150,"medium":"https:\/\/passpasselectrique.fr\/wp-content\/uploads\/sites\/9\/2019\/11\/Flandres-300x200.jpg","medium-width":300,"medium-height":200,"medium_large":"https:\/\/passpasselectrique.fr\/wp-content\/uploads\/sites\/9\/2019\/11\/Flandres-768x512.jpg","medium_large-width":640,"medium_large-height":427,"large":"https:\/\/passpasselectrique.fr\/wp-content\/uploads\/sites\/9\/2019\/11\/Flandres-1024x683.jpg","large-width":640,"large-height":427,"1536x1536":"https:\/\/passpasselectrique.fr\/wp-content\/uploads\/sites\/9\/2019\/11\/Flandres.jpg","1536x1536-width":1536,"1536x1536-height":1024,"2048x2048":"https:\/\/passpasselectrique.fr\/wp-content\/uploads\/sites\/9\/2019\/11\/Flandres.jpg","2048x2048-width":2048,"2048x2048-height":1366,"alize":"https:\/\/passpasselectrique.fr\/wp-content\/uploads\/sites\/9\/2019\/11\/Flandres-1950x1300.jpg","alize-width":1950,"alize-height":1300}}]},"yoast_head":"<!-- This site is optimized with the Yoast SEO plugin v26.1.1 - https:\/\/yoast.com\/wordpress\/plugins\/seo\/ -->\n<title>Tarifs - Pass Pass \u00c9lectrique<\/title>\n<meta name=\"description\" content=\"Chaque borne de recharge est identifi\u00e9 par la couleur tarifaire : bleu, rouge ou vert. Les abonn\u00e9s b\u00e9b\u00e9ficient d&#039;un tarif avantageux pour se recharger.\" \/>\n<meta name=\"robots\" content=\"index, follow, max-snippet:-1, max-image-preview:large, max-video-preview:-1\" \/>\n<link rel=\"canonical\" href=\"https:\/\/passpasselectrique.fr\/fr\/tarifs\/\" \/>\n<meta property=\"og:locale\" content=\"fr_FR\" \/>\n<meta property=\"og:type\" content=\"article\" \/>\n<meta property=\"og:title\" content=\"Tarifs - Pass Pass \u00c9lectrique\" \/>\n<meta property=\"og:description\" content=\"Chaque borne de recharge est identifi\u00e9 par la couleur tarifaire : bleu, rouge ou vert. Les abonn\u00e9s b\u00e9b\u00e9ficient d&#039;un tarif avantageux pour se recharger.\" \/>\n<meta property=\"og:url\" content=\"https:\/\/passpasselectrique.fr\/fr\/tarifs\/\" \/>\n<meta property=\"og:site_name\" content=\"Pass Pass \u00c9lectrique\" \/>\n<meta property=\"article:modified_time\" content=\"2026-02-17T15:53:55+00:00\" \/>\n<meta name=\"twitter:card\" content=\"summary_large_image\" \/>\n<script type=\"application\/ld+json\" class=\"yoast-schema-graph\">{\"@context\":\"https:\/\/schema.org\",\"@graph\":[{\"@type\":\"WebPage\",\"@id\":\"https:\/\/passpasselectrique.fr\/fr\/tarifs\/\",\"url\":\"https:\/\/passpasselectrique.fr\/fr\/tarifs\/\",\"name\":\"Tarifs - Pass Pass \u00c9lectrique\",\"isPartOf\":{\"@id\":\"https:\/\/passpasselectrique.fr\/fr\/#website\"},\"datePublished\":\"2019-10-11T08:06:24+00:00\",\"dateModified\":\"2026-02-17T15:53:55+00:00\",\"description\":\"Chaque borne de recharge est identifi\u00e9 par la couleur tarifaire : bleu, rouge ou vert. Les abonn\u00e9s b\u00e9b\u00e9ficient d'un tarif avantageux pour se recharger.\",\"breadcrumb\":{\"@id\":\"https:\/\/passpasselectrique.fr\/fr\/tarifs\/#breadcrumb\"},\"inLanguage\":\"fr-FR\",\"potentialAction\":[{\"@type\":\"ReadAction\",\"target\":[\"https:\/\/passpasselectrique.fr\/fr\/tarifs\/\"]}]},{\"@type\":\"BreadcrumbList\",\"@id\":\"https:\/\/passpasselectrique.fr\/fr\/tarifs\/#breadcrumb\",\"itemListElement\":[{\"@type\":\"ListItem\",\"position\":1,\"name\":\"Accueil\",\"item\":\"https:\/\/passpasselectrique.fr\/fr\/\"},{\"@type\":\"ListItem\",\"position\":2,\"name\":\"Tarifs\"}]},{\"@type\":\"WebSite\",\"@id\":\"https:\/\/passpasselectrique.fr\/fr\/#website\",\"url\":\"https:\/\/passpasselectrique.fr\/fr\/\",\"name\":\"Pass Pass \u00c9lectrique\",\"description\":\"Hauts-de-France Mobilit\u00e9s\",\"potentialAction\":[{\"@type\":\"SearchAction\",\"target\":{\"@type\":\"EntryPoint\",\"urlTemplate\":\"https:\/\/passpasselectrique.fr\/fr\/?s={search_term_string}\"},\"query-input\":{\"@type\":\"PropertyValueSpecification\",\"valueRequired\":true,\"valueName\":\"search_term_string\"}}],\"inLanguage\":\"fr-FR\"}]}<\/script>\n<!-- \/ Yoast SEO plugin. -->","yoast_head_json":{"title":"Tarifs - Pass Pass \u00c9lectrique","description":"Chaque borne de recharge est identifi\u00e9 par la couleur tarifaire : bleu, rouge ou vert. Les abonn\u00e9s b\u00e9b\u00e9ficient d'un tarif avantageux pour se recharger.","robots":{"index":"index","follow":"follow","max-snippet":"max-snippet:-1","max-image-preview":"max-image-preview:large","max-video-preview":"max-video-preview:-1"},"canonical":"https:\/\/passpasselectrique.fr\/fr\/tarifs\/","og_locale":"fr_FR","og_type":"article","og_title":"Tarifs - Pass Pass \u00c9lectrique","og_description":"Chaque borne de recharge est identifi\u00e9 par la couleur tarifaire : bleu, rouge ou vert. Les abonn\u00e9s b\u00e9b\u00e9ficient d'un tarif avantageux pour se recharger.","og_url":"https:\/\/passpasselectrique.fr\/fr\/tarifs\/","og_site_name":"Pass Pass \u00c9lectrique","article_modified_time":"2026-02-17T15:53:55+00:00","twitter_card":"summary_large_image","schema":{"@context":"https:\/\/schema.org","@graph":[{"@type":"WebPage","@id":"https:\/\/passpasselectrique.fr\/fr\/tarifs\/","url":"https:\/\/passpasselectrique.fr\/fr\/tarifs\/","name":"Tarifs - Pass Pass \u00c9lectrique","isPartOf":{"@id":"https:\/\/passpasselectrique.fr\/fr\/#website"},"datePublished":"2019-10-11T08:06:24+00:00","dateModified":"2026-02-17T15:53:55+00:00","description":"Chaque borne de recharge est identifi\u00e9 par la couleur tarifaire : bleu, rouge ou vert. Les abonn\u00e9s b\u00e9b\u00e9ficient d'un tarif avantageux pour se recharger.","breadcrumb":{"@id":"https:\/\/passpasselectrique.fr\/fr\/tarifs\/#breadcrumb"},"inLanguage":"fr-FR","potentialAction":[{"@type":"ReadAction","target":["https:\/\/passpasselectrique.fr\/fr\/tarifs\/"]}]},{"@type":"BreadcrumbList","@id":"https:\/\/passpasselectrique.fr\/fr\/tarifs\/#breadcrumb","itemListElement":[{"@type":"ListItem","position":1,"name":"Accueil","item":"https:\/\/passpasselectrique.fr\/fr\/"},{"@type":"ListItem","position":2,"name":"Tarifs"}]},{"@type":"WebSite","@id":"https:\/\/passpasselectrique.fr\/fr\/#website","url":"https:\/\/passpasselectrique.fr\/fr\/","name":"Pass Pass \u00c9lectrique","description":"Hauts-de-France Mobilit\u00e9s","potentialAction":[{"@type":"SearchAction","target":{"@type":"EntryPoint","urlTemplate":"https:\/\/passpasselectrique.fr\/fr\/?s={search_term_string}"},"query-input":{"@type":"PropertyValueSpecification","valueRequired":true,"valueName":"search_term_string"}}],"inLanguage":"fr-FR"}]}},"_links":{"self":[{"href":"https:\/\/passpasselectrique.fr\/fr\/wp-json\/wp\/v2\/pages\/120","targetHints":{"allow":["GET"]}}],"collection":[{"href":"https:\/\/passpasselectrique.fr\/fr\/wp-json\/wp\/v2\/pages"}],"about":[{"href":"https:\/\/passpasselectrique.fr\/fr\/wp-json\/wp\/v2\/types\/page"}],"author":[{"embeddable":true,"href":"https:\/\/passpasselectrique.fr\/fr\/wp-json\/wp\/v2\/users\/7"}],"replies":[{"embeddable":true,"href":"https:\/\/passpasselectrique.fr\/fr\/wp-json\/wp\/v2\/comments?post=120"}],"version-history":[{"count":41,"href":"https:\/\/passpasselectrique.fr\/fr\/wp-json\/wp\/v2\/pages\/120\/revisions"}],"predecessor-version":[{"id":1807,"href":"https:\/\/passpasselectrique.fr\/fr\/wp-json\/wp\/v2\/pages\/120\/revisions\/1807"}],"wp:attachment":[{"href":"https:\/\/passpasselectrique.fr\/fr\/wp-json\/wp\/v2\/media?parent=120"}],"curies":[{"name":"wp","href":"https:\/\/api.w.org\/{rel}","templated":true}]}}