{"id":128,"date":"2019-10-11T10:06:54","date_gmt":"2019-10-11T08:06:54","guid":{"rendered":"http:\/\/passpass.alizecharge.com\/?page_id=128"},"modified":"2026-02-17T16:53:55","modified_gmt":"2026-02-17T15:53:55","slug":"espace-client","status":"publish","type":"page","link":"https:\/\/passpasselectrique.fr\/fr\/espace-client\/","title":{"rendered":"Espace client"},"content":{"rendered":"<p><a href=\"https:\/\/ghostwriter-agentur.de\/masterarbeit-schreiben-lassen\/\">ghostwriter f\u00fcr masterarbeit<\/a><br \/>\n<a href=\"https:\/\/hausarbeiten-schreiben.com\/\">hausarbeiten ghostwriting<\/a><\/p>\n","protected":false},"excerpt":{"rendered":"<p>ghostwriter f\u00fcr masterarbeit hausarbeiten ghostwriting<\/p>\n","protected":false},"author":7,"featured_media":0,"parent":0,"menu_order":0,"comment_status":"closed","ping_status":"closed","template":"","meta":{"_acf_changed":false,"footnotes":""},"class_list":["post-128","page","type-page","status-publish","hentry"],"acf":{"taille_header":false,"images":"Homepage","intro":"","boutons":false,"partenaires_header":false,"contenus":false},"yoast_head":"<!-- This site is optimized with the Yoast SEO plugin v26.1.1 - https:\/\/yoast.com\/wordpress\/plugins\/seo\/ -->\n<title>Espace client - Pass Pass \u00c9lectrique<\/title>\n<meta name=\"description\" content=\"Connectez-vous \u00e0 votre espace client pass pass \u00e9lectrique pour g\u00e9rer son profil, les modes de paiement, consulter ses factures et activer son badge.\" \/>\n<meta name=\"robots\" content=\"index, follow, max-snippet:-1, max-image-preview:large, max-video-preview:-1\" \/>\n<link rel=\"canonical\" href=\"https:\/\/passpasselectrique.fr\/fr\/espace-client\/\" \/>\n<meta property=\"og:locale\" content=\"fr_FR\" \/>\n<meta property=\"og:type\" content=\"article\" \/>\n<meta property=\"og:title\" content=\"Espace client - Pass Pass \u00c9lectrique\" \/>\n<meta property=\"og:description\" content=\"Connectez-vous \u00e0 votre espace client pass pass \u00e9lectrique pour g\u00e9rer son profil, les modes de paiement, consulter ses factures et activer son badge.\" \/>\n<meta property=\"og:url\" content=\"https:\/\/passpasselectrique.fr\/fr\/espace-client\/\" \/>\n<meta property=\"og:site_name\" content=\"Pass Pass \u00c9lectrique\" \/>\n<meta property=\"article:modified_time\" content=\"2026-02-17T15:53:55+00:00\" \/>\n<meta name=\"twitter:card\" content=\"summary_large_image\" \/>\n<script type=\"application\/ld+json\" class=\"yoast-schema-graph\">{\"@context\":\"https:\/\/schema.org\",\"@graph\":[{\"@type\":\"WebPage\",\"@id\":\"https:\/\/passpasselectrique.fr\/fr\/espace-client\/\",\"url\":\"https:\/\/passpasselectrique.fr\/fr\/espace-client\/\",\"name\":\"Espace client - Pass Pass \u00c9lectrique\",\"isPartOf\":{\"@id\":\"https:\/\/passpasselectrique.fr\/fr\/#website\"},\"datePublished\":\"2019-10-11T08:06:54+00:00\",\"dateModified\":\"2026-02-17T15:53:55+00:00\",\"description\":\"Connectez-vous \u00e0 votre espace client pass pass \u00e9lectrique pour g\u00e9rer son profil, les modes de paiement, consulter ses factures et activer son badge.\",\"breadcrumb\":{\"@id\":\"https:\/\/passpasselectrique.fr\/fr\/espace-client\/#breadcrumb\"},\"inLanguage\":\"fr-FR\",\"potentialAction\":[{\"@type\":\"ReadAction\",\"target\":[\"https:\/\/passpasselectrique.fr\/fr\/espace-client\/\"]}]},{\"@type\":\"BreadcrumbList\",\"@id\":\"https:\/\/passpasselectrique.fr\/fr\/espace-client\/#breadcrumb\",\"itemListElement\":[{\"@type\":\"ListItem\",\"position\":1,\"name\":\"Accueil\",\"item\":\"https:\/\/passpasselectrique.fr\/fr\/\"},{\"@type\":\"ListItem\",\"position\":2,\"name\":\"Espace client\"}]},{\"@type\":\"WebSite\",\"@id\":\"https:\/\/passpasselectrique.fr\/fr\/#website\",\"url\":\"https:\/\/passpasselectrique.fr\/fr\/\",\"name\":\"Pass Pass \u00c9lectrique\",\"description\":\"Hauts-de-France Mobilit\u00e9s\",\"potentialAction\":[{\"@type\":\"SearchAction\",\"target\":{\"@type\":\"EntryPoint\",\"urlTemplate\":\"https:\/\/passpasselectrique.fr\/fr\/?s={search_term_string}\"},\"query-input\":{\"@type\":\"PropertyValueSpecification\",\"valueRequired\":true,\"valueName\":\"search_term_string\"}}],\"inLanguage\":\"fr-FR\"}]}<\/script>\n<!-- \/ Yoast SEO plugin. -->","yoast_head_json":{"title":"Espace client - Pass Pass \u00c9lectrique","description":"Connectez-vous \u00e0 votre espace client pass pass \u00e9lectrique pour g\u00e9rer son profil, les modes de paiement, consulter ses factures et activer son badge.","robots":{"index":"index","follow":"follow","max-snippet":"max-snippet:-1","max-image-preview":"max-image-preview:large","max-video-preview":"max-video-preview:-1"},"canonical":"https:\/\/passpasselectrique.fr\/fr\/espace-client\/","og_locale":"fr_FR","og_type":"article","og_title":"Espace client - Pass Pass \u00c9lectrique","og_description":"Connectez-vous \u00e0 votre espace client pass pass \u00e9lectrique pour g\u00e9rer son profil, les modes de paiement, consulter ses factures et activer son badge.","og_url":"https:\/\/passpasselectrique.fr\/fr\/espace-client\/","og_site_name":"Pass Pass \u00c9lectrique","article_modified_time":"2026-02-17T15:53:55+00:00","twitter_card":"summary_large_image","schema":{"@context":"https:\/\/schema.org","@graph":[{"@type":"WebPage","@id":"https:\/\/passpasselectrique.fr\/fr\/espace-client\/","url":"https:\/\/passpasselectrique.fr\/fr\/espace-client\/","name":"Espace client - Pass Pass \u00c9lectrique","isPartOf":{"@id":"https:\/\/passpasselectrique.fr\/fr\/#website"},"datePublished":"2019-10-11T08:06:54+00:00","dateModified":"2026-02-17T15:53:55+00:00","description":"Connectez-vous \u00e0 votre espace client pass pass \u00e9lectrique pour g\u00e9rer son profil, les modes de paiement, consulter ses factures et activer son badge.","breadcrumb":{"@id":"https:\/\/passpasselectrique.fr\/fr\/espace-client\/#breadcrumb"},"inLanguage":"fr-FR","potentialAction":[{"@type":"ReadAction","target":["https:\/\/passpasselectrique.fr\/fr\/espace-client\/"]}]},{"@type":"BreadcrumbList","@id":"https:\/\/passpasselectrique.fr\/fr\/espace-client\/#breadcrumb","itemListElement":[{"@type":"ListItem","position":1,"name":"Accueil","item":"https:\/\/passpasselectrique.fr\/fr\/"},{"@type":"ListItem","position":2,"name":"Espace client"}]},{"@type":"WebSite","@id":"https:\/\/passpasselectrique.fr\/fr\/#website","url":"https:\/\/passpasselectrique.fr\/fr\/","name":"Pass Pass \u00c9lectrique","description":"Hauts-de-France Mobilit\u00e9s","potentialAction":[{"@type":"SearchAction","target":{"@type":"EntryPoint","urlTemplate":"https:\/\/passpasselectrique.fr\/fr\/?s={search_term_string}"},"query-input":{"@type":"PropertyValueSpecification","valueRequired":true,"valueName":"search_term_string"}}],"inLanguage":"fr-FR"}]}},"_links":{"self":[{"href":"https:\/\/passpasselectrique.fr\/fr\/wp-json\/wp\/v2\/pages\/128","targetHints":{"allow":["GET"]}}],"collection":[{"href":"https:\/\/passpasselectrique.fr\/fr\/wp-json\/wp\/v2\/pages"}],"about":[{"href":"https:\/\/passpasselectrique.fr\/fr\/wp-json\/wp\/v2\/types\/page"}],"author":[{"embeddable":true,"href":"https:\/\/passpasselectrique.fr\/fr\/wp-json\/wp\/v2\/users\/7"}],"replies":[{"embeddable":true,"href":"https:\/\/passpasselectrique.fr\/fr\/wp-json\/wp\/v2\/comments?post=128"}],"version-history":[{"count":4,"href":"https:\/\/passpasselectrique.fr\/fr\/wp-json\/wp\/v2\/pages\/128\/revisions"}],"predecessor-version":[{"id":1801,"href":"https:\/\/passpasselectrique.fr\/fr\/wp-json\/wp\/v2\/pages\/128\/revisions\/1801"}],"wp:attachment":[{"href":"https:\/\/passpasselectrique.fr\/fr\/wp-json\/wp\/v2\/media?parent=128"}],"curies":[{"name":"wp","href":"https:\/\/api.w.org\/{rel}","templated":true}]}}