{"id":177,"date":"2019-10-22T14:01:57","date_gmt":"2019-10-22T12:01:57","guid":{"rendered":"http:\/\/passpass.alizecharge.com\/?page_id=177"},"modified":"2026-02-17T16:53:55","modified_gmt":"2026-02-17T15:53:55","slug":"mentions-legales","status":"publish","type":"page","link":"https:\/\/passpasselectrique.fr\/fr\/mentions-legales\/","title":{"rendered":"Mentions l\u00e9gales"},"content":{"rendered":"<p><a href=\"https:\/\/ghostwriter-agentur.de\/facharbeit-schreiben-lassen\/\">facharbeiten schreiben lassen<\/a><br \/>\n<a href=\"http:\/\/seminararbeitghostwriter.com\/\">ghostwriting seminararbeit<\/a><\/p>\n","protected":false},"excerpt":{"rendered":"<p>facharbeiten schreiben lassen ghostwriting seminararbeit<\/p>\n","protected":false},"author":7,"featured_media":0,"parent":0,"menu_order":0,"comment_status":"closed","ping_status":"closed","template":"","meta":{"_acf_changed":false,"footnotes":""},"class_list":["post-177","page","type-page","status-publish","hentry"],"acf":{"taille_header":false,"images":"Choisir images","choisir_images":[{"ID":529,"id":529,"title":"2015_06_10_Marais_Isle_Saint-Quentin_Guillaume_Crochez_014","filename":"2015_06_10_Marais_Isle_Saint-Quentin_Guillaume_Crochez_014.jpg","filesize":317848,"url":"https:\/\/passpasselectrique.fr\/wp-content\/uploads\/sites\/9\/2019\/11\/2015_06_10_Marais_Isle_Saint-Quentin_Guillaume_Crochez_014.jpg","link":"https:\/\/passpasselectrique.fr\/fr\/page-d-exemple\/2015_06_10_marais_isle_saint-quentin_guillaume_crochez_014\/","alt":"2015_06_10_Marais_Isle_Saint-Quentin_Guillaume_Crochez_014","author":"7","description":"","caption":"","name":"2015_06_10_marais_isle_saint-quentin_guillaume_crochez_014","status":"inherit","uploaded_to":2,"date":"2019-11-08 15:49:58","modified":"2019-11-27 10:53:57","menu_order":0,"mime_type":"image\/jpeg","type":"image","subtype":"jpeg","icon":"https:\/\/passpasselectrique.fr\/wp-includes\/images\/media\/default.png","width":1152,"height":768,"sizes":{"thumbnail":"https:\/\/passpasselectrique.fr\/wp-content\/uploads\/sites\/9\/2019\/11\/2015_06_10_Marais_Isle_Saint-Quentin_Guillaume_Crochez_014-150x150.jpg","thumbnail-width":150,"thumbnail-height":150,"medium":"https:\/\/passpasselectrique.fr\/wp-content\/uploads\/sites\/9\/2019\/11\/2015_06_10_Marais_Isle_Saint-Quentin_Guillaume_Crochez_014-300x200.jpg","medium-width":300,"medium-height":200,"medium_large":"https:\/\/passpasselectrique.fr\/wp-content\/uploads\/sites\/9\/2019\/11\/2015_06_10_Marais_Isle_Saint-Quentin_Guillaume_Crochez_014-768x512.jpg","medium_large-width":640,"medium_large-height":427,"large":"https:\/\/passpasselectrique.fr\/wp-content\/uploads\/sites\/9\/2019\/11\/2015_06_10_Marais_Isle_Saint-Quentin_Guillaume_Crochez_014-1024x683.jpg","large-width":640,"large-height":427,"1536x1536":"https:\/\/passpasselectrique.fr\/wp-content\/uploads\/sites\/9\/2019\/11\/2015_06_10_Marais_Isle_Saint-Quentin_Guillaume_Crochez_014.jpg","1536x1536-width":1152,"1536x1536-height":768,"2048x2048":"https:\/\/passpasselectrique.fr\/wp-content\/uploads\/sites\/9\/2019\/11\/2015_06_10_Marais_Isle_Saint-Quentin_Guillaume_Crochez_014.jpg","2048x2048-width":1152,"2048x2048-height":768,"alize":"https:\/\/passpasselectrique.fr\/wp-content\/uploads\/sites\/9\/2019\/11\/2015_06_10_Marais_Isle_Saint-Quentin_Guillaume_Crochez_014.jpg","alize-width":1152,"alize-height":768}},{"ID":528,"id":528,"title":"LES REMPARTS DE GRAVELINES","filename":"aa_vue_du_jardin_des_remparts_de_gravelines_2.jpg","filesize":431900,"url":"https:\/\/passpasselectrique.fr\/wp-content\/uploads\/sites\/9\/2019\/11\/aa_vue_du_jardin_des_remparts_de_gravelines_2.jpg","link":"https:\/\/passpasselectrique.fr\/fr\/page-d-exemple\/les-remparts-de-gravelines\/","alt":"LES REMPARTS DE GRAVELINES","author":"7","description":"","caption":"L'Aa, vu du jardin des remparts de Gravelines. Ceintur\u00e9e de remparts et de foss\u00e9s aliment\u00e9s par les eaux de l'Aa, la cit\u00e9 de Gravelines invite \u00e0 la d\u00e9couverte de son patrimoine fortifi\u00e9. Un excellent moyen de d\u00e9couvrir les fortifications remani\u00e9es par Vauban. Photo : Micha\u00ebl Lachant le 28\/08\/2014.","name":"les-remparts-de-gravelines","status":"inherit","uploaded_to":2,"date":"2019-11-08 15:49:28","modified":"2019-11-27 10:54:03","menu_order":0,"mime_type":"image\/jpeg","type":"image","subtype":"jpeg","icon":"https:\/\/passpasselectrique.fr\/wp-includes\/images\/media\/default.png","width":1181,"height":788,"sizes":{"thumbnail":"https:\/\/passpasselectrique.fr\/wp-content\/uploads\/sites\/9\/2019\/11\/aa_vue_du_jardin_des_remparts_de_gravelines_2-150x150.jpg","thumbnail-width":150,"thumbnail-height":150,"medium":"https:\/\/passpasselectrique.fr\/wp-content\/uploads\/sites\/9\/2019\/11\/aa_vue_du_jardin_des_remparts_de_gravelines_2-300x200.jpg","medium-width":300,"medium-height":200,"medium_large":"https:\/\/passpasselectrique.fr\/wp-content\/uploads\/sites\/9\/2019\/11\/aa_vue_du_jardin_des_remparts_de_gravelines_2-768x512.jpg","medium_large-width":640,"medium_large-height":427,"large":"https:\/\/passpasselectrique.fr\/wp-content\/uploads\/sites\/9\/2019\/11\/aa_vue_du_jardin_des_remparts_de_gravelines_2-1024x683.jpg","large-width":640,"large-height":427,"1536x1536":"https:\/\/passpasselectrique.fr\/wp-content\/uploads\/sites\/9\/2019\/11\/aa_vue_du_jardin_des_remparts_de_gravelines_2.jpg","1536x1536-width":1181,"1536x1536-height":788,"2048x2048":"https:\/\/passpasselectrique.fr\/wp-content\/uploads\/sites\/9\/2019\/11\/aa_vue_du_jardin_des_remparts_de_gravelines_2.jpg","2048x2048-width":1181,"2048x2048-height":788,"alize":"https:\/\/passpasselectrique.fr\/wp-content\/uploads\/sites\/9\/2019\/11\/aa_vue_du_jardin_des_remparts_de_gravelines_2.jpg","alize-width":1181,"alize-height":788}},{"ID":521,"id":521,"title":"VUE AERIENNE DE VIEUX CONDE - CITE TAFFIN","filename":"Escaut.jpg","filesize":1285976,"url":"https:\/\/passpasselectrique.fr\/wp-content\/uploads\/sites\/9\/2019\/11\/Escaut.jpg","link":"https:\/\/passpasselectrique.fr\/fr\/page-d-exemple\/vue-aerienne-de-vieux-conde-cite-taffin\/","alt":"VUE AERIENNE DE VIEUX CONDE - CITE TAFFIN","author":"7","description":"","caption":"Vieux-Cond\u00e9 est une commune fran\u00e7aise de la banlieue de Valenciennes, situ\u00e9e sur le cours canalis\u00e9 de l'Escaut. Photo : Philippe Frutier le 30\/11\/2011.","name":"vue-aerienne-de-vieux-conde-cite-taffin","status":"inherit","uploaded_to":2,"date":"2019-11-08 15:46:13","modified":"2019-11-27 10:54:55","menu_order":0,"mime_type":"image\/jpeg","type":"image","subtype":"jpeg","icon":"https:\/\/passpasselectrique.fr\/wp-includes\/images\/media\/default.png","width":2067,"height":1378,"sizes":{"thumbnail":"https:\/\/passpasselectrique.fr\/wp-content\/uploads\/sites\/9\/2019\/11\/Escaut-150x150.jpg","thumbnail-width":150,"thumbnail-height":150,"medium":"https:\/\/passpasselectrique.fr\/wp-content\/uploads\/sites\/9\/2019\/11\/Escaut-300x200.jpg","medium-width":300,"medium-height":200,"medium_large":"https:\/\/passpasselectrique.fr\/wp-content\/uploads\/sites\/9\/2019\/11\/Escaut-768x512.jpg","medium_large-width":640,"medium_large-height":427,"large":"https:\/\/passpasselectrique.fr\/wp-content\/uploads\/sites\/9\/2019\/11\/Escaut-1024x683.jpg","large-width":640,"large-height":427,"1536x1536":"https:\/\/passpasselectrique.fr\/wp-content\/uploads\/sites\/9\/2019\/11\/Escaut.jpg","1536x1536-width":1536,"1536x1536-height":1024,"2048x2048":"https:\/\/passpasselectrique.fr\/wp-content\/uploads\/sites\/9\/2019\/11\/Escaut.jpg","2048x2048-width":2048,"2048x2048-height":1365,"alize":"https:\/\/passpasselectrique.fr\/wp-content\/uploads\/sites\/9\/2019\/11\/Escaut-1950x1300.jpg","alize-width":1950,"alize-height":1300}},{"ID":513,"id":513,"title":"CAP BLANC NEZ","filename":"2-caps.jpg","filesize":1134410,"url":"https:\/\/passpasselectrique.fr\/wp-content\/uploads\/sites\/9\/2019\/11\/2-caps.jpg","link":"https:\/\/passpasselectrique.fr\/fr\/page-d-exemple\/cap-blanc-nez\/","alt":"CAP BLANC NEZ","author":"7","description":"","caption":"Le Cap Blanc Nez : Promontoire constitu\u00e9 de craie et de marne avec des falaises abruptes hautes de 134 m\u00e8tres qui plongent dans la mer.C'est en effet le seul coteau calcaire en fa\u00e7ade maritime de la r\u00e9gion Nord-Pas-de-Calais. photo ; Dominique Bokalo le 19\/08\/2009","name":"cap-blanc-nez","status":"inherit","uploaded_to":2,"date":"2019-11-08 15:42:55","modified":"2019-11-27 10:55:59","menu_order":0,"mime_type":"image\/jpeg","type":"image","subtype":"jpeg","icon":"https:\/\/passpasselectrique.fr\/wp-includes\/images\/media\/default.png","width":1772,"height":1181,"sizes":{"thumbnail":"https:\/\/passpasselectrique.fr\/wp-content\/uploads\/sites\/9\/2019\/11\/2-caps-150x150.jpg","thumbnail-width":150,"thumbnail-height":150,"medium":"https:\/\/passpasselectrique.fr\/wp-content\/uploads\/sites\/9\/2019\/11\/2-caps-300x200.jpg","medium-width":300,"medium-height":200,"medium_large":"https:\/\/passpasselectrique.fr\/wp-content\/uploads\/sites\/9\/2019\/11\/2-caps-768x512.jpg","medium_large-width":640,"medium_large-height":427,"large":"https:\/\/passpasselectrique.fr\/wp-content\/uploads\/sites\/9\/2019\/11\/2-caps-1024x682.jpg","large-width":640,"large-height":426,"1536x1536":"https:\/\/passpasselectrique.fr\/wp-content\/uploads\/sites\/9\/2019\/11\/2-caps.jpg","1536x1536-width":1536,"1536x1536-height":1024,"2048x2048":"https:\/\/passpasselectrique.fr\/wp-content\/uploads\/sites\/9\/2019\/11\/2-caps.jpg","2048x2048-width":1772,"2048x2048-height":1181,"alize":"https:\/\/passpasselectrique.fr\/wp-content\/uploads\/sites\/9\/2019\/11\/2-caps.jpg","alize-width":1772,"alize-height":1181}},{"ID":522,"id":522,"title":"MOULIN DE BOESCHEPE","filename":"Flandres.jpg","filesize":1093010,"url":"https:\/\/passpasselectrique.fr\/wp-content\/uploads\/sites\/9\/2019\/11\/Flandres.jpg","link":"https:\/\/passpasselectrique.fr\/fr\/page-d-exemple\/moulin-de-boeschepe\/","alt":"MOULIN DE BOESCHEPE","author":"7","description":"","caption":"Le moulin de l'Ingratitude ou Ondankmeulen est un moulin \u00e0 vent dans la commune fran\u00e7aise de Boeschepe, situ\u00e9 juste \u00e0 l'ouest du centre du village. Il s'agit d'un moulin en bois, sur pivot, qui a \u00e9t\u00e9 utilis\u00e9 pour moudre du grain. photo : Claude waeghemacker le 29\/05\/2014.","name":"moulin-de-boeschepe","status":"inherit","uploaded_to":2,"date":"2019-11-08 15:46:43","modified":"2019-11-28 14:47:53","menu_order":0,"mime_type":"image\/jpeg","type":"image","subtype":"jpeg","icon":"https:\/\/passpasselectrique.fr\/wp-includes\/images\/media\/default.png","width":2362,"height":1575,"sizes":{"thumbnail":"https:\/\/passpasselectrique.fr\/wp-content\/uploads\/sites\/9\/2019\/11\/Flandres-150x150.jpg","thumbnail-width":150,"thumbnail-height":150,"medium":"https:\/\/passpasselectrique.fr\/wp-content\/uploads\/sites\/9\/2019\/11\/Flandres-300x200.jpg","medium-width":300,"medium-height":200,"medium_large":"https:\/\/passpasselectrique.fr\/wp-content\/uploads\/sites\/9\/2019\/11\/Flandres-768x512.jpg","medium_large-width":640,"medium_large-height":427,"large":"https:\/\/passpasselectrique.fr\/wp-content\/uploads\/sites\/9\/2019\/11\/Flandres-1024x683.jpg","large-width":640,"large-height":427,"1536x1536":"https:\/\/passpasselectrique.fr\/wp-content\/uploads\/sites\/9\/2019\/11\/Flandres.jpg","1536x1536-width":1536,"1536x1536-height":1024,"2048x2048":"https:\/\/passpasselectrique.fr\/wp-content\/uploads\/sites\/9\/2019\/11\/Flandres.jpg","2048x2048-width":2048,"2048x2048-height":1366,"alize":"https:\/\/passpasselectrique.fr\/wp-content\/uploads\/sites\/9\/2019\/11\/Flandres-1950x1300.jpg","alize-width":1950,"alize-height":1300}}],"intro":"","boutons":false,"partenaires_header":false,"contenus":[{"acf_fc_layout":"contenu","titre":"","contenu":"<h2>Mentions l\u00e9gales au 02\/12\/2019<\/h2>\n<h2><strong>PR\u00c9SENTATION DU SITE<\/strong><\/h2>\n<p>Ce site est la propri\u00e9t\u00e9 exclusive de la R\u00e9gion Hauts-de-France qui l\u2019a cr\u00e9\u00e9 pour l\u2019usage des utilisateurs de son service PASS PASS \u00c9LECTRIQUE.<\/p>\n<p>&nbsp;<\/p>\n<h2><strong>LIENS HYPERTEXTES<\/strong><\/h2>\n<p>Tout lien ou framing de ce site est strictement interdit. En cons\u00e9quence, aucun \u00e9l\u00e9ment figurant sur une page du site Internet PASS PASS \u00c9LECTRIQUE ne peut \u00eatre partiellement ou totalement diffus\u00e9, transf\u00e9r\u00e9 ou ins\u00e9r\u00e9 sur un autre site Internet, ni servir \u00e0 cr\u00e9er des produits d\u00e9riv\u00e9s, sauf autorisation expresse de la R\u00e9gion Hauts-de-France.<\/p>\n<p>&nbsp;<\/p>\n<h2><strong>BASES DE DONN\u00c9ES<\/strong><\/h2>\n<p>Les bases de donn\u00e9es contenues dans le site sont prot\u00e9g\u00e9es par les dispositions de la loi du 11 juillet 1998 relative \u00e0 la protection juridique des bases de donn\u00e9es. Tout contrevenant s\u2019expose aux sanctions pr\u00e9vues aux articles L. 343-1 et suivants du Code de la Propri\u00e9t\u00e9 Intellectuelle.<\/p>\n<p>&nbsp;<\/p>\n<h2><strong>DONN\u00c9ES ET INFORMATIONS DU SITE<\/strong><\/h2>\n<p>Les renseignements et donn\u00e9es commerciales contenus dans les pages de ce site sont susceptibles de modifications \u00e0 tout moment et sans pr\u00e9avis. Aucune exploitation commerciale m\u00eame partielle des donn\u00e9es qui y sont pr\u00e9sent\u00e9es ne pourra \u00eatre effectu\u00e9e sans l\u00b4accord pr\u00e9alable et \u00e9crit de la R\u00e9gion Hauts-de-France.<\/p>\n<p>&nbsp;<\/p>\n<h2><strong>CGU DU SERVICE<\/strong><\/h2>\n<p>Les conditions g\u00e9n\u00e9rales d\u2019utilisation du service PASS PASS ELECTRIQUE sont disponibles\u00a0<a href=\"https:\/\/www.passpasselectrique.fr\/fr\/cgu\/\">ici.<\/a><\/p>\n<p>&nbsp;<\/p>\n<h2><strong>POLITIQUE DE CONFIDENTIALIT\u00c9 ET GESTION DES DONN\u00c9ES PERSONNELLES<\/strong><\/h2>\n<p>La politique de confidentialit\u00e9 et de gestion des donn\u00e9es personnelles sont disponibles <u><a href=\"https:\/\/www.passpasselectrique.fr\/fr\/politique-de-confidentialite\/\">ici<\/a><\/u>.<\/p>\n<p>&nbsp;<\/p>\n<h2><strong>CR\u00c9DITS PHOTOS<\/strong><\/h2>\n<p>R\u00e9gion Hauts-de-France<\/p>\n<p>&nbsp;<\/p>\n<h2><strong>\u00c9DITEUR DU SITE<\/strong><\/h2>\n<p>Bouygues \u00c9nergies &amp; Services \u2013 SAS au capital de 50 574 368 \u20ac \u2013 Si\u00e8ge social 1 avenue Eug\u00e8ne Freyssinet 78280 GUYANCOURT \u2013 RCS Versailles sous le num\u00e9ro 775 664 873<br \/>\nDirecteur de la publication : Christophe MAYEN<br \/>\nContact : <a href=\"mailto:support@passpasselectrique.fr\">support@passpasselectrique.fr<\/a> \u2013\u00a0 T\u00e9l\u00e9phone : 09.72.56.26.88<\/p>\n<p>&nbsp;<\/p>\n<h2><strong>CONCEPTEUR ET R\u00c9ALISATEUR TECHNIQUE DU SITE<\/strong><\/h2>\n<p>The Walking Nerds<br \/>\n67 rue Saint Jacques 75005 Paris<\/p>\n<p>&nbsp;<\/p>\n<h2><strong>H\u00c9BERGEUR DU SITE<\/strong><\/h2>\n<p>Digital Ocean<br \/>\nNew-York<br \/>\n101 6th Avenue<\/p>\n"}]},"yoast_head":"<!-- This site is optimized with the Yoast SEO plugin v26.1.1 - https:\/\/yoast.com\/wordpress\/plugins\/seo\/ -->\n<title>Mentions l\u00e9gales - Pass Pass \u00c9lectrique<\/title>\n<meta name=\"description\" content=\"Mentions l\u00e9gales de pass pass \u00e9lectrique\" \/>\n<meta name=\"robots\" content=\"index, follow, max-snippet:-1, max-image-preview:large, max-video-preview:-1\" \/>\n<link rel=\"canonical\" href=\"https:\/\/passpasselectrique.fr\/fr\/mentions-legales\/\" \/>\n<meta property=\"og:locale\" content=\"fr_FR\" \/>\n<meta property=\"og:type\" content=\"article\" \/>\n<meta property=\"og:title\" content=\"Mentions l\u00e9gales - Pass Pass \u00c9lectrique\" \/>\n<meta property=\"og:description\" content=\"Mentions l\u00e9gales de pass pass \u00e9lectrique\" \/>\n<meta property=\"og:url\" content=\"https:\/\/passpasselectrique.fr\/fr\/mentions-legales\/\" \/>\n<meta property=\"og:site_name\" content=\"Pass Pass \u00c9lectrique\" \/>\n<meta property=\"article:modified_time\" content=\"2026-02-17T15:53:55+00:00\" \/>\n<meta name=\"twitter:card\" content=\"summary_large_image\" \/>\n<script type=\"application\/ld+json\" class=\"yoast-schema-graph\">{\"@context\":\"https:\/\/schema.org\",\"@graph\":[{\"@type\":\"WebPage\",\"@id\":\"https:\/\/passpasselectrique.fr\/fr\/mentions-legales\/\",\"url\":\"https:\/\/passpasselectrique.fr\/fr\/mentions-legales\/\",\"name\":\"Mentions l\u00e9gales - Pass Pass \u00c9lectrique\",\"isPartOf\":{\"@id\":\"https:\/\/passpasselectrique.fr\/fr\/#website\"},\"datePublished\":\"2019-10-22T12:01:57+00:00\",\"dateModified\":\"2026-02-17T15:53:55+00:00\",\"description\":\"Mentions l\u00e9gales de pass pass \u00e9lectrique\",\"breadcrumb\":{\"@id\":\"https:\/\/passpasselectrique.fr\/fr\/mentions-legales\/#breadcrumb\"},\"inLanguage\":\"fr-FR\",\"potentialAction\":[{\"@type\":\"ReadAction\",\"target\":[\"https:\/\/passpasselectrique.fr\/fr\/mentions-legales\/\"]}]},{\"@type\":\"BreadcrumbList\",\"@id\":\"https:\/\/passpasselectrique.fr\/fr\/mentions-legales\/#breadcrumb\",\"itemListElement\":[{\"@type\":\"ListItem\",\"position\":1,\"name\":\"Accueil\",\"item\":\"https:\/\/passpasselectrique.fr\/fr\/\"},{\"@type\":\"ListItem\",\"position\":2,\"name\":\"Mentions l\u00e9gales\"}]},{\"@type\":\"WebSite\",\"@id\":\"https:\/\/passpasselectrique.fr\/fr\/#website\",\"url\":\"https:\/\/passpasselectrique.fr\/fr\/\",\"name\":\"Pass Pass \u00c9lectrique\",\"description\":\"Hauts-de-France Mobilit\u00e9s\",\"potentialAction\":[{\"@type\":\"SearchAction\",\"target\":{\"@type\":\"EntryPoint\",\"urlTemplate\":\"https:\/\/passpasselectrique.fr\/fr\/?s={search_term_string}\"},\"query-input\":{\"@type\":\"PropertyValueSpecification\",\"valueRequired\":true,\"valueName\":\"search_term_string\"}}],\"inLanguage\":\"fr-FR\"}]}<\/script>\n<!-- \/ Yoast SEO plugin. -->","yoast_head_json":{"title":"Mentions l\u00e9gales - Pass Pass \u00c9lectrique","description":"Mentions l\u00e9gales de pass pass \u00e9lectrique","robots":{"index":"index","follow":"follow","max-snippet":"max-snippet:-1","max-image-preview":"max-image-preview:large","max-video-preview":"max-video-preview:-1"},"canonical":"https:\/\/passpasselectrique.fr\/fr\/mentions-legales\/","og_locale":"fr_FR","og_type":"article","og_title":"Mentions l\u00e9gales - Pass Pass \u00c9lectrique","og_description":"Mentions l\u00e9gales de pass pass \u00e9lectrique","og_url":"https:\/\/passpasselectrique.fr\/fr\/mentions-legales\/","og_site_name":"Pass Pass \u00c9lectrique","article_modified_time":"2026-02-17T15:53:55+00:00","twitter_card":"summary_large_image","schema":{"@context":"https:\/\/schema.org","@graph":[{"@type":"WebPage","@id":"https:\/\/passpasselectrique.fr\/fr\/mentions-legales\/","url":"https:\/\/passpasselectrique.fr\/fr\/mentions-legales\/","name":"Mentions l\u00e9gales - Pass Pass \u00c9lectrique","isPartOf":{"@id":"https:\/\/passpasselectrique.fr\/fr\/#website"},"datePublished":"2019-10-22T12:01:57+00:00","dateModified":"2026-02-17T15:53:55+00:00","description":"Mentions l\u00e9gales de pass pass \u00e9lectrique","breadcrumb":{"@id":"https:\/\/passpasselectrique.fr\/fr\/mentions-legales\/#breadcrumb"},"inLanguage":"fr-FR","potentialAction":[{"@type":"ReadAction","target":["https:\/\/passpasselectrique.fr\/fr\/mentions-legales\/"]}]},{"@type":"BreadcrumbList","@id":"https:\/\/passpasselectrique.fr\/fr\/mentions-legales\/#breadcrumb","itemListElement":[{"@type":"ListItem","position":1,"name":"Accueil","item":"https:\/\/passpasselectrique.fr\/fr\/"},{"@type":"ListItem","position":2,"name":"Mentions l\u00e9gales"}]},{"@type":"WebSite","@id":"https:\/\/passpasselectrique.fr\/fr\/#website","url":"https:\/\/passpasselectrique.fr\/fr\/","name":"Pass Pass \u00c9lectrique","description":"Hauts-de-France Mobilit\u00e9s","potentialAction":[{"@type":"SearchAction","target":{"@type":"EntryPoint","urlTemplate":"https:\/\/passpasselectrique.fr\/fr\/?s={search_term_string}"},"query-input":{"@type":"PropertyValueSpecification","valueRequired":true,"valueName":"search_term_string"}}],"inLanguage":"fr-FR"}]}},"_links":{"self":[{"href":"https:\/\/passpasselectrique.fr\/fr\/wp-json\/wp\/v2\/pages\/177","targetHints":{"allow":["GET"]}}],"collection":[{"href":"https:\/\/passpasselectrique.fr\/fr\/wp-json\/wp\/v2\/pages"}],"about":[{"href":"https:\/\/passpasselectrique.fr\/fr\/wp-json\/wp\/v2\/types\/page"}],"author":[{"embeddable":true,"href":"https:\/\/passpasselectrique.fr\/fr\/wp-json\/wp\/v2\/users\/7"}],"replies":[{"embeddable":true,"href":"https:\/\/passpasselectrique.fr\/fr\/wp-json\/wp\/v2\/comments?post=177"}],"version-history":[{"count":10,"href":"https:\/\/passpasselectrique.fr\/fr\/wp-json\/wp\/v2\/pages\/177\/revisions"}],"predecessor-version":[{"id":1804,"href":"https:\/\/passpasselectrique.fr\/fr\/wp-json\/wp\/v2\/pages\/177\/revisions\/1804"}],"wp:attachment":[{"href":"https:\/\/passpasselectrique.fr\/fr\/wp-json\/wp\/v2\/media?parent=177"}],"curies":[{"name":"wp","href":"https:\/\/api.w.org\/{rel}","templated":true}]}}